{"id":47,"date":"2018-08-20T13:53:07","date_gmt":"2018-08-20T12:53:07","guid":{"rendered":"https:\/\/jogacapoeira.pt\/index.php\/oneline-home\/"},"modified":"2024-08-10T16:34:53","modified_gmt":"2024-08-10T15:34:53","slug":"aulas-de-capoeira-2","status":"publish","type":"page","link":"https:\/\/jogacapoeira.pt\/","title":{"rendered":"Capoeira em Vale de Cambra &#8211; Portugal"},"content":{"rendered":"<h2>Venha conhecer a arte marcial brasileira com 2 aulas gratuitas.<\/h2>\n<p>Nossa associa\u00e7\u00e3o\u00a0prop\u00f5e\u00a0<b>aulas de capoeira em Vale de Cambra (S\u00e3o Pedro de Castel\u00f5es\u00a0e R\u00f4ge).\u00a0<\/b>Ser\u00e1 um prazer receb\u00ea-lo e compartilhar com voc\u00ea nossa paix\u00e3o:\u00a0a Capoeira.<\/p>\n<p>No programa: <strong>Treinamento de capoeira, m\u00fasica, cantigas, e Maculel\u00ea<\/strong> (dan\u00e7a folcl\u00f3rica com bast\u00f5es).<br \/>Se voc\u00ea quiser, pode acompanhar-nos para demonstra\u00e7\u00f5es, viagens e est\u00e1gios em todo o mundo.<\/p>\n<p><strong>Venha descobrir uma atividade diferente de qualquer outra!<\/strong> N\u00f3s n\u00e3o somos apenas um clube de Capoeira, somos acima de tudo um grupo de amigos abertos aos outros. Nossa associa\u00e7\u00e3o n\u00e3o tem outra pretens\u00e3o al\u00e9m do respeito de todos, integra\u00e7\u00e3o e compartilhamento.<\/p>\n<p><strong><a href=\"https:\/\/jogacapoeira.pt\/index.php\/aulas-de-capoeira\/\">\u2192 Planning das aulas aqui \u2190<\/a><\/strong><\/p>\n<p><strong>N\u00e3o hesite em nos contactar atrav\u00e9s do telemovel n\u00b0\u00a0911 501 280\u00a0ou atrav\u00e9s do nosso formul\u00e1rio de contacto.<\/strong><\/p>\n<p><em>IMPORTANTE: N\u00f3s sempre respondemos as mensagens, mas \u00e0s vezes nossos e-mails s\u00e3o considerados spam &#8230; Ent\u00e3o, por favor, verifique seu spam se voc\u00ea entrar em contato conosco atrav\u00e9s do formul\u00e1rio do site&#8230;<\/em><\/p>\n<p><strong>At\u00e9 breve!<\/strong><\/p>\n<p>\t\t\t\t\t\t\t\t\t\t<img width=\"300\" height=\"267\" src=\"https:\/\/jogacapoeira.pt\/wp-content\/uploads\/2018\/08\/Logo-ginga-mundo-neutre-1-300x267.jpg\" alt=\"\" decoding=\"async\" loading=\"lazy\" srcset=\"https:\/\/jogacapoeira.pt\/wp-content\/uploads\/2018\/08\/Logo-ginga-mundo-neutre-1-300x267.jpg 300w, https:\/\/jogacapoeira.pt\/wp-content\/uploads\/2018\/08\/Logo-ginga-mundo-neutre-1.jpg 321w\" sizes=\"(max-width: 300px) 100vw, 300px\" \/><\/p>\n","protected":false},"excerpt":{"rendered":"<p>Venha conhecer a arte marcial brasileira com 2 aulas gratuitas. Nossa associa\u00e7\u00e3o\u00a0prop\u00f5e\u00a0aulas de capoeira em Vale de Cambra (S\u00e3o Pedro de Castel\u00f5es\u00a0e R\u00f4ge).\u00a0Ser\u00e1 um prazer receb\u00ea-lo e compartilhar com voc\u00ea nossa paix\u00e3o:\u00a0a Capoeira. No programa: Treinamento de capoeira, m\u00fasica, cantigas, e Maculel\u00ea (dan\u00e7a folcl\u00f3rica com bast\u00f5es).Se voc\u00ea quiser, pode acompanhar-nos para demonstra\u00e7\u00f5es, viagens e est\u00e1gios [&hellip;]<\/p>\n","protected":false},"author":1,"featured_media":0,"parent":0,"menu_order":0,"comment_status":"closed","ping_status":"closed","template":"","meta":{"footnotes":""},"class_list":["post-47","page","type-page","status-publish","hentry"],"_links":{"self":[{"href":"https:\/\/jogacapoeira.pt\/index.php\/wp-json\/wp\/v2\/pages\/47"}],"collection":[{"href":"https:\/\/jogacapoeira.pt\/index.php\/wp-json\/wp\/v2\/pages"}],"about":[{"href":"https:\/\/jogacapoeira.pt\/index.php\/wp-json\/wp\/v2\/types\/page"}],"author":[{"embeddable":true,"href":"https:\/\/jogacapoeira.pt\/index.php\/wp-json\/wp\/v2\/users\/1"}],"replies":[{"embeddable":true,"href":"https:\/\/jogacapoeira.pt\/index.php\/wp-json\/wp\/v2\/comments?post=47"}],"version-history":[{"count":25,"href":"https:\/\/jogacapoeira.pt\/index.php\/wp-json\/wp\/v2\/pages\/47\/revisions"}],"predecessor-version":[{"id":312,"href":"https:\/\/jogacapoeira.pt\/index.php\/wp-json\/wp\/v2\/pages\/47\/revisions\/312"}],"wp:attachment":[{"href":"https:\/\/jogacapoeira.pt\/index.php\/wp-json\/wp\/v2\/media?parent=47"}],"curies":[{"name":"wp","href":"https:\/\/api.w.org\/{rel}","templated":true}]}}